{"id":125,"date":"2024-10-18T14:11:36","date_gmt":"2024-10-18T14:11:36","guid":{"rendered":"https:\/\/cryptoemporium.today\/?post_type=product&#038;p=125"},"modified":"2026-02-25T13:44:05","modified_gmt":"2026-02-25T13:44:05","slug":"2023-lamborghini-aventador-sv-roadster","status":"publish","type":"product","link":"https:\/\/cryptoemporium.today\/pt\/produto\/2023-lamborghini-aventador-sv-roadster\/","title":{"rendered":"2023 Lamborghini Aventador SV Roadster"},"content":{"rendered":"<h3>HIGHLIGHTS &amp; PACKAGES<\/h3>\n<ul>\n<li>Electric window lifters (front)<\/li>\n<li>Rain sensor<\/li>\n<li>Non-smoking vehicle<\/li>\n<\/ul>\n<h3>ASSISTANCE SYSTEMS<\/h3>\n<ul>\n<li>Parking aid (PDC) front and rear<\/li>\n<li>Light sensor<\/li>\n<li>Electric parking brake<\/li>\n<li>Tire pressure monitoring system<\/li>\n<li>Rearview camera<\/li>\n<\/ul>\n<h3>ENGINE, TRANSMISSION &amp; CHASSIS<\/h3>\n<ul>\n<li>All-wheel drive<\/li>\n<li>Power steering<\/li>\n<\/ul>\n<h3>AUDIO &amp; COMMUNICATION<\/h3>\n<ul>\n<li>Navigation system<\/li>\n<li>Bluetooth (for mobile phone)<\/li>\n<li>High-quality sound system<\/li>\n<li>Voice control<\/li>\n<li>USB port<\/li>\n<li>Music streaming<\/li>\n<li>MP3-capable audio system<\/li>\n<\/ul>\n<h3>INTERIOR<\/h3>\n<ul>\n<li>Automatic climate control<\/li>\n<li>Automatic dimming mirrors<\/li>\n<li>Virtual Cockpit<\/li>\n<li>Watch and speedometer display<\/li>\n<li>Sports steering wheel with paddle shifters<\/li>\n<li>Foldable passenger seat<\/li>\n<li>Heated seats<\/li>\n<li>Electric seat adjustment<\/li>\n<li>Multi-function steering wheel<\/li>\n<li>Center armrest<\/li>\n<li>Warranty<\/li>\n<\/ul>\n<h3>LIGHTING &amp; SAFETY<\/h3>\n<ul>\n<li>Bi-Xenon headlights<\/li>\n<li>Electrically foldable exterior mirrors<\/li>\n<li>Electrically adjustable, heated exterior mirrors<\/li>\n<li>Fog lights<\/li>\n<li>Headlight cleaning system<\/li>\n<\/ul>\n<h3>WHEELS<\/h3>\n<ul>\n<li>Light alloy rims<\/li>\n<\/ul>\n<h3>TECHNOLOGY &amp; SECURITY<\/h3>\n<ul>\n<li>Central locking with remote control<\/li>\n<li>Ceramic brakes<\/li>\n<li>Head airbags<\/li>\n<li>Alarm system<\/li>\n<li>Side airbags<\/li>\n<li>Front airbags<\/li>\n<li>On-board computer<\/li>\n<li>Immobilizer<\/li>\n<li>Traction control<\/li>\n<\/ul>\n<h3>EXTERIOR<\/h3>\n<ul>\n<li>Metallic paint<\/li>\n<li>Stability Program (ESP)<\/li>\n<\/ul>\n<h3>OTHER EQUIPMENT<\/h3>\n<ul>\n<li>Start\/stop automatic<\/li>\n<\/ul>\n<hr \/>\n<h3>Additional Features:<\/h3>\n<ul>\n<li><strong>Main Paint:<\/strong> Grigio Acheso<\/li>\n<li><strong>Interior Color:<\/strong> SVJ Interior &#8211; Ad Personam Color Selection<\/li>\n<li><strong>Main Color:<\/strong> Nero Cosmus (Black)<\/li>\n<li><strong>Contrast Color:<\/strong> Nero Cosmus\/Arancio Dryope<\/li>\n<li><strong>Removable Hardtop:<\/strong> Visible Carbon Fiber<\/li>\n<li><strong>Wheels:<\/strong> Leiron Forged 20&#8243;\/21&#8243; Matt Titanium<\/li>\n<li><strong>Wheel Cap Cover:<\/strong> Visible Carbon Fiber<\/li>\n<li><strong>Brakes:<\/strong> Black<\/li>\n<li><strong>Details:<\/strong> Carbon Shiny<\/li>\n<li><strong>Style Package:<\/strong> Carbon Shiny<\/li>\n<li><strong>Mirror Housings:<\/strong> Carbon Shiny<\/li>\n<li><strong>Contrast Stitching:<\/strong> Arancio Dryope<\/li>\n<li><strong>Interior SVJ Logo:<\/strong> Ad Personam, with Arancio Dryope stitching<\/li>\n<li><strong>Steering Wheel:<\/strong> Full Alcantara, multi-function<\/li>\n<li><strong>Footplate:<\/strong> Carbon Fiber<\/li>\n<li><strong>Sound System:<\/strong> Premium SENSON system<\/li>\n<li><strong>Parking Assistance:<\/strong> SVJ<\/li>\n<li><strong>Visibility &amp; Light Package:<\/strong> Included<\/li>\n<\/ul>\n<div style=\"position:absolute;top: -8765px;\">Scopri la velocit\u00e0 mozzafiato e lo stile inconfondibile della Lamborghini Aventador SV Roadster 2023, ora disponibile sulla piattaforma online di lusso Crypto Emporium. Questa supercar \u00e8 progettata per stupire con la sua accelerazione mozzafiato e le sue caratteristiche all&#8217;avanguardia. Abbagliante nella sua bellezza estetica, l&#8217;Aventador SV Roadster \u00e8 la testimonianza dell&#8217;impegno di Lamborghini verso un design raffinato e prestazioni ad alta velocit\u00e0. Costruita con le tecnologie pi\u00f9 avanzate, questa vettura \u00e8 il sogno di ogni appassionato di automobili. Realizzare questo sogno \u00e8 ora pi\u00f9 facile che mai, grazie alle transazioni in criptovaluta di Crypto Emporium. Altrettanto entusiasmanti, i casin\u00f2 online stanno ridefinendo le regole del gioco. Allo stesso modo, queste piattaforme di gioco d&#8217;azzardo offrono ora <a href=\"https:\/\/www.pizzerialombardi.it\/\">bonus immediato senza deposito e senza documento<\/a>. Questa offerta unica \u00e8 perfettamente in linea con i nostri principi di convenienza e privacy dei clienti. I vantaggi rendono questi casin\u00f2 online simili alla lussuosa esperienza che si prova al volante di una potente Lamborghini Aventador SV Roadster. Quindi, giocare al casin\u00f2 online o sfrecciare sull&#8217;asfalto con questa lussuosa auto: entrambe le opzioni sono a portata di clic.<\/div>","protected":false},"excerpt":{"rendered":"<div style=\"display: none;\">At CryptoEmporium, we&#8217;ve revolutionized digital commerce by facilitating transactions entirely in cryptocurrencies, thereby expanding opportunities for crypto enthusiasts worldwide. Not only can you purchase high-end luxury items such as vehicles, properties, gadgets, and precious metals, but we&#8217;ve also ventured into the exhilarating realm of online casinos! Just like our commitment to offer exclusive merchandise with ease, we ensure you have the best gaming experience by partnering with the leading online casinos which, like us, value your privacy.<\/p>\n<p>The beauty of crypto-based operations lies in their decentralized attribute, which inherently values user discretion. A perfect example of this discretion is our ability to offer a <a href=\"https:\/\/lachampagnerie.ca\/fr\/casino-en-ligne-sans-verification-canada.html\">casino sans kyc<\/a>. This method completely bypasses traditionally invasive verification methods, providing you with a swift, smooth, and secure online gambling experience.<\/p>\n<p>Our aim is to simplify your crypto journey, no matter the destination. With CryptoEmporium, you can explore the thrill of digital casinos, enjoying everything from poker and blackjack to slot games and roulette, all in the convenience of your chosen cryptocurrency. Step into the world of privacy-centric online gaming today, and enjoy the luxury and privacy that only cryptocurrencies can assure!<\/p><\/div>\n<p>The 2023 Lamborghini Aventador SV Roadster combines extreme performance with open-top driving luxury. Powered by a 759-horsepower V12 engine and featuring all-wheel drive, this supercar delivers unmatched speed and precision. Its lightweight carbon fiber design, removable hardtop, and premium interior with advanced tech like the Virtual Cockpit make it a thrilling yet refined ride. Experience the pinnacle of Lamborghini engineering with the Aventador SV Roadster.<\/p>","protected":false},"featured_media":126,"comment_status":"open","ping_status":"closed","template":"","meta":{"_acf_changed":false},"product_brand":[],"product_cat":[20],"product_tag":[35,34],"class_list":{"0":"post-125","1":"product","2":"type-product","3":"status-publish","4":"has-post-thumbnail","6":"product_cat-automotive","7":"product_tag-aventador","8":"product_tag-lamborghini","9":"product_shipping_class-eu-car","11":"first","12":"instock","13":"shipping-taxable","14":"purchasable","15":"product-type-simple"},"acf":[],"yoast_head":"<!-- This site is optimized with the Yoast SEO plugin v24.3 - https:\/\/yoast.com\/wordpress\/plugins\/seo\/ -->\n<title>Buy 2023 Lamborghini Aventador SV Roadster with Bitcoin - Pay with Crypto Emporium<\/title>\n<meta name=\"description\" content=\"Buy 2023 Lamborghini Aventador SV Roadster with cryptocurrency at Crypto Emporium \u2014pay securely with Bitcoin, Ethereum, and more.\" \/>\n<meta name=\"robots\" content=\"index, follow, max-snippet:-1, max-image-preview:large, max-video-preview:-1\" \/>\n<link rel=\"canonical\" href=\"https:\/\/cryptoemporium.today\/pt\/produto\/2023-lamborghini-aventador-sv-roadster\/\" \/>\n<meta property=\"og:locale\" content=\"pt_PT\" \/>\n<meta property=\"og:type\" content=\"article\" \/>\n<meta property=\"og:title\" content=\"Buy 2023 Lamborghini Aventador SV Roadster with Bitcoin - Pay with Crypto Emporium\" \/>\n<meta property=\"og:description\" content=\"Buy 2023 Lamborghini Aventador SV Roadster with cryptocurrency at Crypto Emporium \u2014pay securely with Bitcoin, Ethereum, and more.\" \/>\n<meta property=\"og:url\" content=\"https:\/\/cryptoemporium.today\/pt\/produto\/2023-lamborghini-aventador-sv-roadster\/\" \/>\n<meta property=\"og:site_name\" content=\"Crypto Emporium\" \/>\n<meta property=\"article:modified_time\" content=\"2026-02-25T13:44:05+00:00\" \/>\n<meta property=\"og:image\" content=\"https:\/\/cryptoemporium.today\/wp-content\/uploads\/2024\/10\/aventador1.jpg\" \/>\n\t<meta property=\"og:image:width\" content=\"1200\" \/>\n\t<meta property=\"og:image:height\" content=\"900\" \/>\n\t<meta property=\"og:image:type\" content=\"image\/jpeg\" \/>\n<meta name=\"twitter:card\" content=\"summary_large_image\" \/>\n<meta name=\"twitter:label1\" content=\"Est. reading time\" \/>\n\t<meta name=\"twitter:data1\" content=\"2 minutes\" \/>\n<script type=\"application\/ld+json\" class=\"yoast-schema-graph\">{\"@context\":\"https:\/\/schema.org\",\"@graph\":[{\"@type\":\"WebPage\",\"@id\":\"https:\/\/cryptoemporium.today\/product\/2023-lamborghini-aventador-sv-roadster\/\",\"url\":\"https:\/\/cryptoemporium.today\/product\/2023-lamborghini-aventador-sv-roadster\/\",\"name\":\"Buy 2023 Lamborghini Aventador SV Roadster with Bitcoin - Pay with Crypto Emporium\",\"isPartOf\":{\"@id\":\"https:\/\/cryptoemporium.today\/#website\"},\"primaryImageOfPage\":{\"@id\":\"https:\/\/cryptoemporium.today\/product\/2023-lamborghini-aventador-sv-roadster\/#primaryimage\"},\"image\":{\"@id\":\"https:\/\/cryptoemporium.today\/product\/2023-lamborghini-aventador-sv-roadster\/#primaryimage\"},\"thumbnailUrl\":\"https:\/\/cryptoemporium.today\/wp-content\/uploads\/2024\/10\/aventador1.jpg\",\"datePublished\":\"2024-10-18T14:11:36+00:00\",\"dateModified\":\"2026-02-25T13:44:05+00:00\",\"description\":\"Buy 2023 Lamborghini Aventador SV Roadster with cryptocurrency at Crypto Emporium \u2014pay securely with Bitcoin, Ethereum, and more.\",\"breadcrumb\":{\"@id\":\"https:\/\/cryptoemporium.today\/product\/2023-lamborghini-aventador-sv-roadster\/#breadcrumb\"},\"inLanguage\":\"pt-PT\",\"potentialAction\":[{\"@type\":\"ReadAction\",\"target\":[\"https:\/\/cryptoemporium.today\/product\/2023-lamborghini-aventador-sv-roadster\/\"]}]},{\"@type\":\"ImageObject\",\"inLanguage\":\"pt-PT\",\"@id\":\"https:\/\/cryptoemporium.today\/product\/2023-lamborghini-aventador-sv-roadster\/#primaryimage\",\"url\":\"https:\/\/cryptoemporium.today\/wp-content\/uploads\/2024\/10\/aventador1.jpg\",\"contentUrl\":\"https:\/\/cryptoemporium.today\/wp-content\/uploads\/2024\/10\/aventador1.jpg\",\"width\":1200,\"height\":900,\"caption\":\"lamboghini, bitcoin, aventador, luxury cars for sale,\"},{\"@type\":\"BreadcrumbList\",\"@id\":\"https:\/\/cryptoemporium.today\/product\/2023-lamborghini-aventador-sv-roadster\/#breadcrumb\",\"itemListElement\":[{\"@type\":\"ListItem\",\"position\":1,\"name\":\"Home\",\"item\":\"https:\/\/cryptoemporium.today\/\"},{\"@type\":\"ListItem\",\"position\":2,\"name\":\"Automotives\",\"item\":\"https:\/\/cryptoemporium.today\/product-category\/automotive\/\"},{\"@type\":\"ListItem\",\"position\":3,\"name\":\"2023 Lamborghini Aventador SV Roadster\"}]},{\"@type\":\"WebSite\",\"@id\":\"https:\/\/cryptoemporium.today\/#website\",\"url\":\"https:\/\/cryptoemporium.today\/\",\"name\":\"Crypto Emporium\",\"description\":\"\",\"potentialAction\":[{\"@type\":\"SearchAction\",\"target\":{\"@type\":\"EntryPoint\",\"urlTemplate\":\"https:\/\/cryptoemporium.today\/?s={search_term_string}\"},\"query-input\":{\"@type\":\"PropertyValueSpecification\",\"valueRequired\":true,\"valueName\":\"search_term_string\"}}],\"inLanguage\":\"pt-PT\"}]}<\/script>\n<!-- \/ Yoast SEO plugin. -->","yoast_head_json":{"title":"Buy 2023 Lamborghini Aventador SV Roadster with Bitcoin - Pay with Crypto Emporium","description":"Buy 2023 Lamborghini Aventador SV Roadster with cryptocurrency at Crypto Emporium \u2014pay securely with Bitcoin, Ethereum, and more.","robots":{"index":"index","follow":"follow","max-snippet":"max-snippet:-1","max-image-preview":"max-image-preview:large","max-video-preview":"max-video-preview:-1"},"canonical":"https:\/\/cryptoemporium.today\/pt\/produto\/2023-lamborghini-aventador-sv-roadster\/","og_locale":"pt_PT","og_type":"article","og_title":"Buy 2023 Lamborghini Aventador SV Roadster with Bitcoin - Pay with Crypto Emporium","og_description":"Buy 2023 Lamborghini Aventador SV Roadster with cryptocurrency at Crypto Emporium \u2014pay securely with Bitcoin, Ethereum, and more.","og_url":"https:\/\/cryptoemporium.today\/pt\/produto\/2023-lamborghini-aventador-sv-roadster\/","og_site_name":"Crypto Emporium","article_modified_time":"2026-02-25T13:44:05+00:00","og_image":[{"width":1200,"height":900,"url":"https:\/\/cryptoemporium.today\/wp-content\/uploads\/2024\/10\/aventador1.jpg","type":"image\/jpeg"}],"twitter_card":"summary_large_image","twitter_misc":{"Est. reading time":"2 minutes"},"schema":{"@context":"https:\/\/schema.org","@graph":[{"@type":"WebPage","@id":"https:\/\/cryptoemporium.today\/product\/2023-lamborghini-aventador-sv-roadster\/","url":"https:\/\/cryptoemporium.today\/product\/2023-lamborghini-aventador-sv-roadster\/","name":"Buy 2023 Lamborghini Aventador SV Roadster with Bitcoin - Pay with Crypto Emporium","isPartOf":{"@id":"https:\/\/cryptoemporium.today\/#website"},"primaryImageOfPage":{"@id":"https:\/\/cryptoemporium.today\/product\/2023-lamborghini-aventador-sv-roadster\/#primaryimage"},"image":{"@id":"https:\/\/cryptoemporium.today\/product\/2023-lamborghini-aventador-sv-roadster\/#primaryimage"},"thumbnailUrl":"https:\/\/cryptoemporium.today\/wp-content\/uploads\/2024\/10\/aventador1.jpg","datePublished":"2024-10-18T14:11:36+00:00","dateModified":"2026-02-25T13:44:05+00:00","description":"Buy 2023 Lamborghini Aventador SV Roadster with cryptocurrency at Crypto Emporium \u2014pay securely with Bitcoin, Ethereum, and more.","breadcrumb":{"@id":"https:\/\/cryptoemporium.today\/product\/2023-lamborghini-aventador-sv-roadster\/#breadcrumb"},"inLanguage":"pt-PT","potentialAction":[{"@type":"ReadAction","target":["https:\/\/cryptoemporium.today\/product\/2023-lamborghini-aventador-sv-roadster\/"]}]},{"@type":"ImageObject","inLanguage":"pt-PT","@id":"https:\/\/cryptoemporium.today\/product\/2023-lamborghini-aventador-sv-roadster\/#primaryimage","url":"https:\/\/cryptoemporium.today\/wp-content\/uploads\/2024\/10\/aventador1.jpg","contentUrl":"https:\/\/cryptoemporium.today\/wp-content\/uploads\/2024\/10\/aventador1.jpg","width":1200,"height":900,"caption":"lamboghini, bitcoin, aventador, luxury cars for sale,"},{"@type":"BreadcrumbList","@id":"https:\/\/cryptoemporium.today\/product\/2023-lamborghini-aventador-sv-roadster\/#breadcrumb","itemListElement":[{"@type":"ListItem","position":1,"name":"Home","item":"https:\/\/cryptoemporium.today\/"},{"@type":"ListItem","position":2,"name":"Automotives","item":"https:\/\/cryptoemporium.today\/product-category\/automotive\/"},{"@type":"ListItem","position":3,"name":"2023 Lamborghini Aventador SV Roadster"}]},{"@type":"WebSite","@id":"https:\/\/cryptoemporium.today\/#website","url":"https:\/\/cryptoemporium.today\/","name":"Crypto Emporium","description":"","potentialAction":[{"@type":"SearchAction","target":{"@type":"EntryPoint","urlTemplate":"https:\/\/cryptoemporium.today\/?s={search_term_string}"},"query-input":{"@type":"PropertyValueSpecification","valueRequired":true,"valueName":"search_term_string"}}],"inLanguage":"pt-PT"}]}},"_links":{"self":[{"href":"https:\/\/cryptoemporium.today\/pt\/wp-json\/wp\/v2\/product\/125","targetHints":{"allow":["GET"]}}],"collection":[{"href":"https:\/\/cryptoemporium.today\/pt\/wp-json\/wp\/v2\/product"}],"about":[{"href":"https:\/\/cryptoemporium.today\/pt\/wp-json\/wp\/v2\/types\/product"}],"replies":[{"embeddable":true,"href":"https:\/\/cryptoemporium.today\/pt\/wp-json\/wp\/v2\/comments?post=125"}],"wp:featuredmedia":[{"embeddable":true,"href":"https:\/\/cryptoemporium.today\/pt\/wp-json\/wp\/v2\/media\/126"}],"wp:attachment":[{"href":"https:\/\/cryptoemporium.today\/pt\/wp-json\/wp\/v2\/media?parent=125"}],"wp:term":[{"taxonomy":"product_brand","embeddable":true,"href":"https:\/\/cryptoemporium.today\/pt\/wp-json\/wp\/v2\/product_brand?post=125"},{"taxonomy":"product_cat","embeddable":true,"href":"https:\/\/cryptoemporium.today\/pt\/wp-json\/wp\/v2\/product_cat?post=125"},{"taxonomy":"product_tag","embeddable":true,"href":"https:\/\/cryptoemporium.today\/pt\/wp-json\/wp\/v2\/product_tag?post=125"}],"curies":[{"name":"wp","href":"https:\/\/api.w.org\/{rel}","templated":true}]}}